{"id":2238,"date":"2022-06-20T10:02:56","date_gmt":"2022-06-20T07:02:56","guid":{"rendered":"https:\/\/parktech.fi\/?page_id=2238"},"modified":"2022-06-20T10:04:03","modified_gmt":"2022-06-20T07:04:03","slug":"evasteet","status":"publish","type":"page","link":"https:\/\/parktech.fi\/en\/cookies\/","title":{"rendered":"Ev\u00e4steet"},"content":{"rendered":"<div data-elementor-type=\"wp-page\" data-elementor-id=\"2238\" class=\"elementor elementor-2238\" data-elementor-post-type=\"page\">\n\t\t\t\t\t\t<section data-particle_enable=\"false\" data-particle-mobile-disabled=\"false\" class=\"elementor-section elementor-top-section elementor-element elementor-element-785c388 elementor-section-full_width elementor-section-height-default elementor-section-height-default\" data-id=\"785c388\" data-element_type=\"section\" data-e-type=\"section\" data-settings=\"{&quot;background_background&quot;:&quot;classic&quot;}\">\n\t\t\t\t\t\t<div class=\"elementor-container elementor-column-gap-default\">\n\t\t\t\t\t<div class=\"elementor-column elementor-col-100 elementor-top-column elementor-element elementor-element-b4735e0\" data-id=\"b4735e0\" data-element_type=\"column\" data-e-type=\"column\">\n\t\t\t<div class=\"elementor-widget-wrap elementor-element-populated\">\n\t\t\t\t\t\t<section data-particle_enable=\"false\" data-particle-mobile-disabled=\"false\" class=\"elementor-section elementor-inner-section elementor-element elementor-element-99973ca elementor-section-full_width mm-column elementor-section-height-default elementor-section-height-default\" data-id=\"99973ca\" data-element_type=\"section\" data-e-type=\"section\" data-settings=\"{&quot;background_background&quot;:&quot;classic&quot;}\">\n\t\t\t\t\t\t<div class=\"elementor-container elementor-column-gap-default\">\n\t\t\t\t\t<div class=\"elementor-column elementor-col-100 elementor-inner-column elementor-element elementor-element-f715f4a mm-column\" data-id=\"f715f4a\" data-element_type=\"column\" data-e-type=\"column\" data-settings=\"{&quot;background_background&quot;:&quot;classic&quot;}\">\n\t\t\t<div class=\"elementor-widget-wrap elementor-element-populated\">\n\t\t\t\t\t\t<div class=\"elementor-element elementor-element-911d5b7 elementor-widget elementor-widget-heading\" data-id=\"911d5b7\" data-element_type=\"widget\" data-e-type=\"widget\" data-widget_type=\"heading.default\">\n\t\t\t\t<div class=\"elementor-widget-container\">\n\t\t\t\t\t<h2 class=\"elementor-heading-title elementor-size-default\">Ev\u00e4steet<\/h2>\t\t\t\t<\/div>\n\t\t\t\t<\/div>\n\t\t\t\t<div class=\"elementor-element elementor-element-c0172b4 elementor-widget elementor-widget-text-editor\" data-id=\"c0172b4\" data-element_type=\"widget\" data-e-type=\"widget\" data-widget_type=\"text-editor.default\">\n\t\t\t\t<div class=\"elementor-widget-container\">\n\t\t\t\t\t\t\t\t\t<p>Kuten useimmat verkkosivustot, sivustomme k\u00e4ytt\u00e4\u00e4 ev\u00e4steit\u00e4 jotta pystymme tarjoamaan sinulle parhaan k\u00e4ytt\u00f6kokemuksen.<\/p><p>Ev\u00e4steet ovat tiedostoja, jotka asetetaan laitteellesi kun vierailet sivustossamme.<\/p><p>\u00a0<\/p><p><strong>EV\u00c4STEIDEN AVULLA<\/strong><\/p><p>\u2013 Verkkosivumme toimivat odotetusti<br \/>\u2013 Sivusto latautuu nopeammin ja turvallisemmin<br \/>\u2013 Esit\u00e4mme relevanttia informaatiota<br \/>\u2013 Saatamme ker\u00e4t\u00e4 anonyymi\u00e4 tietoa k\u00e4ytt\u00e4j\u00e4kunnasta k\u00e4ytt\u00f6kokemuksen optimoimiseksi sek\u00e4 paremman palvelun tarjoamiseksi<\/p><p>\u00a0<\/p><p><strong>EV\u00c4STEIDEN AVULLA EMME<\/strong><\/p><p>\u2013 Tallenna henkil\u00f6kohtaista tietoasi ilman suostumustasi<br \/>\u2013 Ker\u00e4\u00e4 arkaluonteista tietoa<br \/>\u2013 L\u00e4het\u00e4 henkil\u00f6kohtaisia tietoja kolmansille osapuolille<\/p><p>\u00a0<\/p><p><strong>EV\u00c4STEIDEN K\u00c4YTT\u00d6OIKEUS<\/strong><\/p><p>Jos selain jota k\u00e4yt\u00e4t verkkosivuissa vierailuun asetetaan siten, ett\u00e4 se sallii ev\u00e4steiden k\u00e4yt\u00f6n, tulkitsemme hyv\u00e4ksyv\u00e4si ev\u00e4steiden k\u00e4yt\u00f6n.<\/p><p><strong>POISTA EV\u00c4STEET K\u00c4YT\u00d6ST\u00c4<\/strong><\/p><p>Ev\u00e4steet voidaan puhdistaa selaimesta tai ottaa kokonaan pois k\u00e4yt\u00f6st\u00e4. Emme voi kuitenkaan taata, ett\u00e4 verkkosivut toimivat tyydytt\u00e4v\u00e4sti. Voit poistaa ev\u00e4steet k\u00e4yt\u00f6st\u00e4 muuttamalla selaimesi asetuksia. Lue lis\u00e4\u00e4 selaimesi ohjeista.<\/p>\t\t\t\t\t\t\t\t<\/div>\n\t\t\t\t<\/div>\n\t\t\t\t\t<\/div>\n\t\t<\/div>\n\t\t\t\t\t<\/div>\n\t\t<\/section>\n\t\t\t\t\t<\/div>\n\t\t<\/div>\n\t\t\t\t\t<\/div>\n\t\t<\/section>\n\t\t\t\t<\/div>","protected":false},"excerpt":{"rendered":"<p>Ev\u00e4steet Kuten useimmat verkkosivustot, sivustomme k\u00e4ytt\u00e4\u00e4 ev\u00e4steit\u00e4 jotta pystymme tarjoamaan sinulle parhaan k\u00e4ytt\u00f6kokemuksen. Ev\u00e4steet ovat tiedostoja, jotka asetetaan laitteellesi kun vierailet sivustossamme. \u00a0 EV\u00c4STEIDEN AVULLA \u2013 Verkkosivumme toimivat odotetusti\u2013 Sivusto latautuu nopeammin ja turvallisemmin\u2013 Esit\u00e4mme relevanttia informaatiota\u2013 Saatamme ker\u00e4t\u00e4 anonyymi\u00e4 tietoa k\u00e4ytt\u00e4j\u00e4kunnasta k\u00e4ytt\u00f6kokemuksen optimoimiseksi sek\u00e4 paremman palvelun tarjoamiseksi \u00a0 EV\u00c4STEIDEN AVULLA EMME \u2013 Tallenna henkil\u00f6kohtaista [&hellip;]<\/p>\n","protected":false},"author":1,"featured_media":0,"parent":0,"menu_order":0,"comment_status":"closed","ping_status":"closed","template":"elementor_header_footer","meta":{"_acf_changed":false,"footnotes":""},"class_list":["post-2238","page","type-page","status-publish","hentry"],"acf":[],"yoast_head":"<!-- This site is optimized with the Yoast SEO plugin v27.3 - https:\/\/yoast.com\/product\/yoast-seo-wordpress\/ -->\n<title>Ev\u00e4steet - Parktech<\/title>\n<meta name=\"robots\" content=\"index, follow, max-snippet:-1, max-image-preview:large, max-video-preview:-1\" \/>\n<link rel=\"canonical\" href=\"https:\/\/parktech.fi\/en\/evasteet\/\" \/>\n<meta property=\"og:locale\" content=\"en_GB\" \/>\n<meta property=\"og:type\" content=\"article\" \/>\n<meta property=\"og:title\" content=\"Ev\u00e4steet - Parktech\" \/>\n<meta property=\"og:description\" content=\"Ev\u00e4steet Kuten useimmat verkkosivustot, sivustomme k\u00e4ytt\u00e4\u00e4 ev\u00e4steit\u00e4 jotta pystymme tarjoamaan sinulle parhaan k\u00e4ytt\u00f6kokemuksen. Ev\u00e4steet ovat tiedostoja, jotka asetetaan laitteellesi kun vierailet sivustossamme. \u00a0 EV\u00c4STEIDEN AVULLA \u2013 Verkkosivumme toimivat odotetusti\u2013 Sivusto latautuu nopeammin ja turvallisemmin\u2013 Esit\u00e4mme relevanttia informaatiota\u2013 Saatamme ker\u00e4t\u00e4 anonyymi\u00e4 tietoa k\u00e4ytt\u00e4j\u00e4kunnasta k\u00e4ytt\u00f6kokemuksen optimoimiseksi sek\u00e4 paremman palvelun tarjoamiseksi \u00a0 EV\u00c4STEIDEN AVULLA EMME \u2013 Tallenna henkil\u00f6kohtaista [&hellip;]\" \/>\n<meta property=\"og:url\" content=\"https:\/\/parktech.fi\/en\/evasteet\/\" \/>\n<meta property=\"og:site_name\" content=\"Parktech\" \/>\n<meta property=\"article:modified_time\" content=\"2022-06-20T07:04:03+00:00\" \/>\n<meta name=\"twitter:card\" content=\"summary_large_image\" \/>\n<meta name=\"twitter:label1\" content=\"Estimated reading time\" \/>\n\t<meta name=\"twitter:data1\" content=\"1 minute\" \/>\n<script type=\"application\/ld+json\" class=\"yoast-schema-graph\">{\"@context\":\"https:\\\/\\\/schema.org\",\"@graph\":[{\"@type\":\"WebPage\",\"@id\":\"https:\\\/\\\/parktech.fi\\\/evasteet\\\/\",\"url\":\"https:\\\/\\\/parktech.fi\\\/evasteet\\\/\",\"name\":\"Ev\u00e4steet - Parktech\",\"isPartOf\":{\"@id\":\"https:\\\/\\\/parktech.fi\\\/#website\"},\"datePublished\":\"2022-06-20T07:02:56+00:00\",\"dateModified\":\"2022-06-20T07:04:03+00:00\",\"breadcrumb\":{\"@id\":\"https:\\\/\\\/parktech.fi\\\/evasteet\\\/#breadcrumb\"},\"inLanguage\":\"en-GB\",\"potentialAction\":[{\"@type\":\"ReadAction\",\"target\":[\"https:\\\/\\\/parktech.fi\\\/evasteet\\\/\"]}]},{\"@type\":\"BreadcrumbList\",\"@id\":\"https:\\\/\\\/parktech.fi\\\/evasteet\\\/#breadcrumb\",\"itemListElement\":[{\"@type\":\"ListItem\",\"position\":1,\"name\":\"Etusivu\",\"item\":\"https:\\\/\\\/parktech.fi\\\/\"},{\"@type\":\"ListItem\",\"position\":2,\"name\":\"Ev\u00e4steet\"}]},{\"@type\":\"WebSite\",\"@id\":\"https:\\\/\\\/parktech.fi\\\/#website\",\"url\":\"https:\\\/\\\/parktech.fi\\\/\",\"name\":\"Parktech\",\"description\":\"Parktech\",\"publisher\":{\"@id\":\"https:\\\/\\\/parktech.fi\\\/#organization\"},\"potentialAction\":[{\"@type\":\"SearchAction\",\"target\":{\"@type\":\"EntryPoint\",\"urlTemplate\":\"https:\\\/\\\/parktech.fi\\\/?s={search_term_string}\"},\"query-input\":{\"@type\":\"PropertyValueSpecification\",\"valueRequired\":true,\"valueName\":\"search_term_string\"}}],\"inLanguage\":\"en-GB\"},{\"@type\":\"Organization\",\"@id\":\"https:\\\/\\\/parktech.fi\\\/#organization\",\"name\":\"Parktech Finland\",\"url\":\"https:\\\/\\\/parktech.fi\\\/\",\"logo\":{\"@type\":\"ImageObject\",\"inLanguage\":\"en-GB\",\"@id\":\"https:\\\/\\\/parktech.fi\\\/#\\\/schema\\\/logo\\\/image\\\/\",\"url\":\"https:\\\/\\\/parktech.fi\\\/wp-content\\\/uploads\\\/2022\\\/07\\\/Parktech_Horizontal_yellow_black.png\",\"contentUrl\":\"https:\\\/\\\/parktech.fi\\\/wp-content\\\/uploads\\\/2022\\\/07\\\/Parktech_Horizontal_yellow_black.png\",\"width\":2070,\"height\":485,\"caption\":\"Parktech Finland\"},\"image\":{\"@id\":\"https:\\\/\\\/parktech.fi\\\/#\\\/schema\\\/logo\\\/image\\\/\"}}]}<\/script>\n<!-- \/ Yoast SEO plugin. -->","yoast_head_json":{"title":"Ev\u00e4steet - Parktech","robots":{"index":"index","follow":"follow","max-snippet":"max-snippet:-1","max-image-preview":"max-image-preview:large","max-video-preview":"max-video-preview:-1"},"canonical":"https:\/\/parktech.fi\/en\/evasteet\/","og_locale":"en_GB","og_type":"article","og_title":"Ev\u00e4steet - Parktech","og_description":"Ev\u00e4steet Kuten useimmat verkkosivustot, sivustomme k\u00e4ytt\u00e4\u00e4 ev\u00e4steit\u00e4 jotta pystymme tarjoamaan sinulle parhaan k\u00e4ytt\u00f6kokemuksen. Ev\u00e4steet ovat tiedostoja, jotka asetetaan laitteellesi kun vierailet sivustossamme. \u00a0 EV\u00c4STEIDEN AVULLA \u2013 Verkkosivumme toimivat odotetusti\u2013 Sivusto latautuu nopeammin ja turvallisemmin\u2013 Esit\u00e4mme relevanttia informaatiota\u2013 Saatamme ker\u00e4t\u00e4 anonyymi\u00e4 tietoa k\u00e4ytt\u00e4j\u00e4kunnasta k\u00e4ytt\u00f6kokemuksen optimoimiseksi sek\u00e4 paremman palvelun tarjoamiseksi \u00a0 EV\u00c4STEIDEN AVULLA EMME \u2013 Tallenna henkil\u00f6kohtaista [&hellip;]","og_url":"https:\/\/parktech.fi\/en\/evasteet\/","og_site_name":"Parktech","article_modified_time":"2022-06-20T07:04:03+00:00","twitter_card":"summary_large_image","twitter_misc":{"Estimated reading time":"1 minute"},"schema":{"@context":"https:\/\/schema.org","@graph":[{"@type":"WebPage","@id":"https:\/\/parktech.fi\/evasteet\/","url":"https:\/\/parktech.fi\/evasteet\/","name":"Ev\u00e4steet - Parktech","isPartOf":{"@id":"https:\/\/parktech.fi\/#website"},"datePublished":"2022-06-20T07:02:56+00:00","dateModified":"2022-06-20T07:04:03+00:00","breadcrumb":{"@id":"https:\/\/parktech.fi\/evasteet\/#breadcrumb"},"inLanguage":"en-GB","potentialAction":[{"@type":"ReadAction","target":["https:\/\/parktech.fi\/evasteet\/"]}]},{"@type":"BreadcrumbList","@id":"https:\/\/parktech.fi\/evasteet\/#breadcrumb","itemListElement":[{"@type":"ListItem","position":1,"name":"Etusivu","item":"https:\/\/parktech.fi\/"},{"@type":"ListItem","position":2,"name":"Ev\u00e4steet"}]},{"@type":"WebSite","@id":"https:\/\/parktech.fi\/#website","url":"https:\/\/parktech.fi\/","name":"Parktech","description":"Parktech","publisher":{"@id":"https:\/\/parktech.fi\/#organization"},"potentialAction":[{"@type":"SearchAction","target":{"@type":"EntryPoint","urlTemplate":"https:\/\/parktech.fi\/?s={search_term_string}"},"query-input":{"@type":"PropertyValueSpecification","valueRequired":true,"valueName":"search_term_string"}}],"inLanguage":"en-GB"},{"@type":"Organization","@id":"https:\/\/parktech.fi\/#organization","name":"Parktech Finland","url":"https:\/\/parktech.fi\/","logo":{"@type":"ImageObject","inLanguage":"en-GB","@id":"https:\/\/parktech.fi\/#\/schema\/logo\/image\/","url":"https:\/\/parktech.fi\/wp-content\/uploads\/2022\/07\/Parktech_Horizontal_yellow_black.png","contentUrl":"https:\/\/parktech.fi\/wp-content\/uploads\/2022\/07\/Parktech_Horizontal_yellow_black.png","width":2070,"height":485,"caption":"Parktech Finland"},"image":{"@id":"https:\/\/parktech.fi\/#\/schema\/logo\/image\/"}}]}},"_links":{"self":[{"href":"https:\/\/parktech.fi\/en\/wp-json\/wp\/v2\/pages\/2238","targetHints":{"allow":["GET"]}}],"collection":[{"href":"https:\/\/parktech.fi\/en\/wp-json\/wp\/v2\/pages"}],"about":[{"href":"https:\/\/parktech.fi\/en\/wp-json\/wp\/v2\/types\/page"}],"author":[{"embeddable":true,"href":"https:\/\/parktech.fi\/en\/wp-json\/wp\/v2\/users\/1"}],"replies":[{"embeddable":true,"href":"https:\/\/parktech.fi\/en\/wp-json\/wp\/v2\/comments?post=2238"}],"version-history":[{"count":4,"href":"https:\/\/parktech.fi\/en\/wp-json\/wp\/v2\/pages\/2238\/revisions"}],"predecessor-version":[{"id":2242,"href":"https:\/\/parktech.fi\/en\/wp-json\/wp\/v2\/pages\/2238\/revisions\/2242"}],"wp:attachment":[{"href":"https:\/\/parktech.fi\/en\/wp-json\/wp\/v2\/media?parent=2238"}],"curies":[{"name":"wp","href":"https:\/\/api.w.org\/{rel}","templated":true}]}}